{"id":2,"date":"2015-12-07T15:29:50","date_gmt":"2015-12-07T12:29:50","guid":{"rendered":"http:\/\/lab.univ-ghardaia.edu.dz\/?page_id=2"},"modified":"2025-06-02T14:32:15","modified_gmt":"2025-06-02T13:32:15","slug":"labs-list","status":"publish","type":"page","link":"https:\/\/lab.univ-ghardaia.edu.dz\/fr\/labs-list\/","title":{"rendered":"Liste des laboratoires"},"content":{"rendered":"<table id=\"site5\"><tr><td width=\"70px\"><a href=\"http:\/\/leasfc.univ-ghardaia.edu.dz\" target=\"_blank\" ><img decoding=\"async\" src=\"https:\/\/lab.univ-ghardaia.edu.dz\/wp-content\/uploads\/2025\/06\/leasfc-logo-150x150.png\" alt=\"Laboratoire d&#039;\u00e9tudes appliqu\u00e9es en finance et comptabilit\u00e9\" title=\"Laboratoire d&#039;\u00e9tudes appliqu\u00e9es en finance et comptabilit\u00e9\" \\><\/a><\/td><td><a href=\"http:\/\/leasfc.univ-ghardaia.edu.dz\" target=\"_blank\" >Laboratoire d&#039;\u00e9tudes appliqu\u00e9es en finance et comptabilit\u00e9<\/a><\/td><\/tr><tr><td width=\"70px\"><a href=\"https:\/\/lvcea.univ-ghardaia.edu.dz\" target=\"_blank\" ><img decoding=\"async\" src=\"https:\/\/lab.univ-ghardaia.edu.dz\/wp-content\/uploads\/2025\/06\/favicon-100x100.png\" alt=\"Le Laboratoire de Valorisation et de Conservation des \u00c9cosyst\u00e8mes Arides\" title=\"Le Laboratoire de Valorisation et de Conservation des \u00c9cosyst\u00e8mes Arides\" \\><\/a><\/td><td><a href=\"https:\/\/lvcea.univ-ghardaia.edu.dz\" target=\"_blank\" >Le Laboratoire de Valorisation et de Conservation des \u00c9cosyst\u00e8mes Arides<\/a><\/td><\/tr><tr><td width=\"70px\"><a href=\"https:\/\/adllec.univ-ghardaia.edu.dz\" target=\"_blank\" ><img decoding=\"async\" src=\"https:\/\/lab.univ-ghardaia.edu.dz\/wp-content\/uploads\/2023\/11\/logo-adllec-100x100.png\" alt=\"Laboratoire d&#039;analyse du discours, d&#039;\u00e9tudes lexicales et de litt\u00e9rature compar\u00e9e\" title=\"Laboratoire d&#039;analyse du discours, d&#039;\u00e9tudes lexicales et de litt\u00e9rature compar\u00e9e\" \\><\/a><\/td><td><a href=\"https:\/\/adllec.univ-ghardaia.edu.dz\" target=\"_blank\" >Laboratoire d&#039;analyse du discours, d&#039;\u00e9tudes lexicales et de litt\u00e9rature compar\u00e9e<\/a><\/td><\/tr><tr><td width=\"70px\"><a href=\"https:\/\/mestel.univ-ghardaia.edu.dz\" target=\"_blank\" ><img decoding=\"async\" src=\"https:\/\/lab.univ-ghardaia.edu.dz\/wp-content\/uploads\/2019\/07\/mestel-logo-100x100.png\" alt=\"Laboratoire des mat\u00e9riaux, technologie des syst\u00e8mes energetiques et environnement\" title=\"Laboratoire des mat\u00e9riaux, technologie des syst\u00e8mes energetiques et environnement\" \\><\/a><\/td><td><a href=\"https:\/\/mestel.univ-ghardaia.edu.dz\" target=\"_blank\" >Laboratoire des mat\u00e9riaux, technologie des syst\u00e8mes energetiques et environnement<\/a><\/td><\/tr><tr><td width=\"70px\"><a href=\"https:\/\/laqq.univ-ghardaia.edu.dz\" target=\"_blank\" ><img decoding=\"async\" src=\"https:\/\/lab.univ-ghardaia.edu.dz\/wp-content\/uploads\/2019\/07\/logolab-100x100.png\" alt=\"\u0645\u062e\u0628\u0631 \u0627\u0644\u062a\u0637\u0628\u064a\u0642\u0627\u062a \u0627\u0644\u0643\u0645\u064a\u0629 \u0648\u0627\u0644\u0646\u0648\u0639\u064a\u0629 \u0644\u0644\u0627\u0631\u062a\u0642\u0627\u0621 \u0627\u0644\u0627\u0642\u062a\u0635\u0627\u062f\u064a\u060c \u0627\u0644\u0627\u062c\u062a\u0645\u0627\u0639\u064a \u0648\u0627\u0644\u0628\u064a\u0626\u064a \u0628\u0627\u0644\u0645\u0624\u0633\u0633\u0627\u062a \u0627\u0644\u062c\u0632\u0627\u0626\u0631\u064a\u0629\" title=\"\u0645\u062e\u0628\u0631 \u0627\u0644\u062a\u0637\u0628\u064a\u0642\u0627\u062a \u0627\u0644\u0643\u0645\u064a\u0629 \u0648\u0627\u0644\u0646\u0648\u0639\u064a\u0629 \u0644\u0644\u0627\u0631\u062a\u0642\u0627\u0621 \u0627\u0644\u0627\u0642\u062a\u0635\u0627\u062f\u064a\u060c \u0627\u0644\u0627\u062c\u062a\u0645\u0627\u0639\u064a \u0648\u0627\u0644\u0628\u064a\u0626\u064a \u0628\u0627\u0644\u0645\u0624\u0633\u0633\u0627\u062a \u0627\u0644\u062c\u0632\u0627\u0626\u0631\u064a\u0629\" \\><\/a><\/td><td><a href=\"https:\/\/laqq.univ-ghardaia.edu.dz\" target=\"_blank\" >\u0645\u062e\u0628\u0631 \u0627\u0644\u062a\u0637\u0628\u064a\u0642\u0627\u062a \u0627\u0644\u0643\u0645\u064a\u0629 \u0648\u0627\u0644\u0646\u0648\u0639\u064a\u0629 \u0644\u0644\u0627\u0631\u062a\u0642\u0627\u0621 \u0627\u0644\u0627\u0642\u062a\u0635\u0627\u062f\u064a\u060c \u0627\u0644\u0627\u062c\u062a\u0645\u0627\u0639\u064a \u0648\u0627\u0644\u0628\u064a\u0626\u064a \u0628\u0627\u0644\u0645\u0624\u0633\u0633\u0627\u062a \u0627\u0644\u062c\u0632\u0627\u0626\u0631\u064a\u0629<\/a><\/td><\/tr><tr><td width=\"70px\"><a href=\"https:\/\/ldmpe.univ-ghardaia.edu.dz\" target=\"_blank\" ><img decoding=\"async\" src=\"https:\/\/lab.univ-ghardaia.edu.dz\/wp-content\/uploads\/2019\/07\/logo-ldmpe-100x100.png\" alt=\"\u0645\u062e\u0628\u0631 \u0627\u0644\u062a\u0646\u0645\u064a\u0629 \u0627\u0644\u0625\u062f\u0627\u0631\u064a\u0629 \u0644\u0644\u0625\u0631\u062a\u0642\u0627\u0621 \u0628\u0627\u0644\u0645\u0624\u0633\u0633\u0627\u062a \u0627\u0644\u0625\u0642\u062a\u0635\u0627\u062f\u064a\u0629\" title=\"\u0645\u062e\u0628\u0631 \u0627\u0644\u062a\u0646\u0645\u064a\u0629 \u0627\u0644\u0625\u062f\u0627\u0631\u064a\u0629 \u0644\u0644\u0625\u0631\u062a\u0642\u0627\u0621 \u0628\u0627\u0644\u0645\u0624\u0633\u0633\u0627\u062a \u0627\u0644\u0625\u0642\u062a\u0635\u0627\u062f\u064a\u0629\" \\><\/a><\/td><td><a href=\"https:\/\/ldmpe.univ-ghardaia.edu.dz\" target=\"_blank\" >\u0645\u062e\u0628\u0631 \u0627\u0644\u062a\u0646\u0645\u064a\u0629 \u0627\u0644\u0625\u062f\u0627\u0631\u064a\u0629 \u0644\u0644\u0625\u0631\u062a\u0642\u0627\u0621 \u0628\u0627\u0644\u0645\u0624\u0633\u0633\u0627\u062a \u0627\u0644\u0625\u0642\u062a\u0635\u0627\u062f\u064a\u0629<\/a><\/td><\/tr><tr><td width=\"70px\"><a href=\"https:\/\/lmsa.univ-ghardaia.edu.dz\" target=\"_blank\" ><img decoding=\"async\" src=\"https:\/\/lab.univ-ghardaia.edu.dz\/wp-content\/uploads\/2016\/02\/logolmsa-100x100.png\" alt=\"Laboratoire de Math\u00e9matiques et Sciences Appliqu\u00e9es \" title=\"Laboratoire de Math\u00e9matiques et Sciences Appliqu\u00e9es \" \\><\/a><\/td><td><a href=\"https:\/\/lmsa.univ-ghardaia.edu.dz\" target=\"_blank\" >Laboratoire de Math\u00e9matiques et Sciences Appliqu\u00e9es <\/a><\/td><\/tr><tr><td width=\"70px\"><a href=\"https:\/\/lshci.univ-ghardaia.edu.dz\" target=\"_blank\" ><img decoding=\"async\" src=\"https:\/\/lab.univ-ghardaia.edu.dz\/wp-content\/uploads\/2016\/02\/logolshci.png\" alt=\"\u0645\u062e\u0628\u0631 \u0627\u0644\u062c\u0646\u0648\u0628 \u0627\u0644\u062c\u0632\u0627\u0626\u0631\u064a \u0644\u0644\u0628\u062d\u062b \u0641\u064a \u0627\u0644\u062a\u0627\u0631\u064a\u062e \u0648\u0627\u0644\u062d\u0636\u0627\u0631\u0629 \u0627\u0644\u0625\u0633\u0644\u0627\u0645\u064a\u0629\" title=\"\u0645\u062e\u0628\u0631 \u0627\u0644\u062c\u0646\u0648\u0628 \u0627\u0644\u062c\u0632\u0627\u0626\u0631\u064a \u0644\u0644\u0628\u062d\u062b \u0641\u064a \u0627\u0644\u062a\u0627\u0631\u064a\u062e \u0648\u0627\u0644\u062d\u0636\u0627\u0631\u0629 \u0627\u0644\u0625\u0633\u0644\u0627\u0645\u064a\u0629\" \\><\/a><\/td><td><a href=\"https:\/\/lshci.univ-ghardaia.edu.dz\" target=\"_blank\" >\u0645\u062e\u0628\u0631 \u0627\u0644\u062c\u0646\u0648\u0628 \u0627\u0644\u062c\u0632\u0627\u0626\u0631\u064a \u0644\u0644\u0628\u062d\u062b \u0641\u064a \u0627\u0644\u062a\u0627\u0631\u064a\u062e \u0648\u0627\u0644\u062d\u0636\u0627\u0631\u0629 \u0627\u0644\u0625\u0633\u0644\u0627\u0645\u064a\u0629<\/a><\/td><\/tr><tr><td width=\"70px\"><a href=\"https:\/\/lpcll.univ-ghardaia.edu.dz\" target=\"_blank\" ><img decoding=\"async\" src=\"https:\/\/lab.univ-ghardaia.edu.dz\/wp-content\/uploads\/2016\/06\/01-modified-100x100.png\" alt=\"Laboratoire de recherche en patrimoine culturel, linguistique et litt\u00e9raire dans les r\u00e9gions du sud alg\u00e9rienne\" title=\"Laboratoire de recherche en patrimoine culturel, linguistique et litt\u00e9raire dans les r\u00e9gions du sud alg\u00e9rienne\" \\><\/a><\/td><td><a href=\"https:\/\/lpcll.univ-ghardaia.edu.dz\" target=\"_blank\" >Laboratoire de recherche en patrimoine culturel, linguistique et litt\u00e9raire dans les r\u00e9gions du sud alg\u00e9rienne<\/a><\/td><\/tr><tr><td width=\"70px\"><a href=\"https:\/\/litts.univ-ghardaia.edu.dz\" target=\"_blank\" ><img decoding=\"async\" src=\"https:\/\/lab.univ-ghardaia.edu.dz\/wp-content\/uploads\/2016\/04\/litts-150x150.png\" alt=\"\u0645\u062e\u0628\u0631 \u0627\u0644\u0633\u064a\u0627\u062d\u0629\u060c \u0627\u0644\u0625\u0642\u0644\u064a\u0645 \u0648\u0627\u0644\u0645\u0624\u0633\u0633\u0627\u062a\" title=\"\u0645\u062e\u0628\u0631 \u0627\u0644\u0633\u064a\u0627\u062d\u0629\u060c \u0627\u0644\u0625\u0642\u0644\u064a\u0645 \u0648\u0627\u0644\u0645\u0624\u0633\u0633\u0627\u062a\" \\><\/a><\/td><td><a href=\"https:\/\/litts.univ-ghardaia.edu.dz\" target=\"_blank\" >\u0645\u062e\u0628\u0631 \u0627\u0644\u0633\u064a\u0627\u062d\u0629\u060c \u0627\u0644\u0625\u0642\u0644\u064a\u0645 \u0648\u0627\u0644\u0645\u0624\u0633\u0633\u0627\u062a<\/a><\/td><\/tr><\/table>","protected":false},"excerpt":{"rendered":"","protected":false},"author":1,"featured_media":0,"parent":0,"menu_order":0,"comment_status":"closed","ping_status":"open","template":"","meta":{"_monsterinsights_skip_tracking":false,"_monsterinsights_sitenote_active":false,"_monsterinsights_sitenote_note":"","_monsterinsights_sitenote_category":0,"footnotes":""},"class_list":["post-2","page","type-page","status-publish",""],"yoast_head":"<!-- This site is optimized with the Yoast SEO plugin v26.8 - https:\/\/yoast.com\/product\/yoast-seo-wordpress\/ -->\n<title>Liste des laboratoires - Laboratoirs de recherche<\/title>\n<meta name=\"robots\" content=\"index, follow, max-snippet:-1, max-image-preview:large, max-video-preview:-1\" \/>\n<link rel=\"canonical\" href=\"https:\/\/lab.univ-ghardaia.edu.dz\/labs-list\/\" \/>\n<meta property=\"og:locale\" content=\"fr_FR\" \/>\n<meta property=\"og:type\" content=\"article\" \/>\n<meta property=\"og:title\" content=\"Liste des laboratoires - Laboratoirs de recherche\" \/>\n<meta property=\"og:url\" content=\"https:\/\/lab.univ-ghardaia.edu.dz\/labs-list\/\" \/>\n<meta property=\"og:site_name\" content=\"Laboratoirs de recherche\" \/>\n<meta property=\"article:modified_time\" content=\"2025-06-02T13:32:15+00:00\" \/>\n<meta name=\"twitter:card\" content=\"summary_large_image\" \/>\n<meta name=\"twitter:label1\" content=\"Dur\u00e9e de lecture estim\u00e9e\" \/>\n\t<meta name=\"twitter:data1\" content=\"1 minute\" \/>\n<script type=\"application\/ld+json\" class=\"yoast-schema-graph\">{\"@context\":\"https:\/\/schema.org\",\"@graph\":[{\"@type\":\"WebPage\",\"@id\":\"https:\/\/lab.univ-ghardaia.edu.dz\/labs-list\/\",\"url\":\"https:\/\/lab.univ-ghardaia.edu.dz\/labs-list\/\",\"name\":\"Liste des laboratoires - Laboratoirs de recherche\",\"isPartOf\":{\"@id\":\"https:\/\/lab.univ-ghardaia.edu.dz\/#website\"},\"datePublished\":\"2015-12-07T12:29:50+00:00\",\"dateModified\":\"2025-06-02T13:32:15+00:00\",\"inLanguage\":\"fr-FR\",\"potentialAction\":[{\"@type\":\"ReadAction\",\"target\":[\"https:\/\/lab.univ-ghardaia.edu.dz\/labs-list\/\"]}]},{\"@type\":\"WebSite\",\"@id\":\"https:\/\/lab.univ-ghardaia.edu.dz\/#website\",\"url\":\"https:\/\/lab.univ-ghardaia.edu.dz\/\",\"name\":\"Laboratoirs de recherche\",\"description\":\"Universit\u00e9 de Ghardaia\",\"potentialAction\":[{\"@type\":\"SearchAction\",\"target\":{\"@type\":\"EntryPoint\",\"urlTemplate\":\"https:\/\/lab.univ-ghardaia.edu.dz\/?s={search_term_string}\"},\"query-input\":{\"@type\":\"PropertyValueSpecification\",\"valueRequired\":true,\"valueName\":\"search_term_string\"}}],\"inLanguage\":\"fr-FR\"}]}<\/script>\n<!-- \/ Yoast SEO plugin. -->","yoast_head_json":{"title":"Liste des laboratoires - Laboratoirs de recherche","robots":{"index":"index","follow":"follow","max-snippet":"max-snippet:-1","max-image-preview":"max-image-preview:large","max-video-preview":"max-video-preview:-1"},"canonical":"https:\/\/lab.univ-ghardaia.edu.dz\/labs-list\/","og_locale":"fr_FR","og_type":"article","og_title":"Liste des laboratoires - Laboratoirs de recherche","og_url":"https:\/\/lab.univ-ghardaia.edu.dz\/labs-list\/","og_site_name":"Laboratoirs de recherche","article_modified_time":"2025-06-02T13:32:15+00:00","twitter_card":"summary_large_image","twitter_misc":{"Dur\u00e9e de lecture estim\u00e9e":"1 minute"},"schema":{"@context":"https:\/\/schema.org","@graph":[{"@type":"WebPage","@id":"https:\/\/lab.univ-ghardaia.edu.dz\/labs-list\/","url":"https:\/\/lab.univ-ghardaia.edu.dz\/labs-list\/","name":"Liste des laboratoires - Laboratoirs de recherche","isPartOf":{"@id":"https:\/\/lab.univ-ghardaia.edu.dz\/#website"},"datePublished":"2015-12-07T12:29:50+00:00","dateModified":"2025-06-02T13:32:15+00:00","inLanguage":"fr-FR","potentialAction":[{"@type":"ReadAction","target":["https:\/\/lab.univ-ghardaia.edu.dz\/labs-list\/"]}]},{"@type":"WebSite","@id":"https:\/\/lab.univ-ghardaia.edu.dz\/#website","url":"https:\/\/lab.univ-ghardaia.edu.dz\/","name":"Laboratoirs de recherche","description":"Universit\u00e9 de Ghardaia","potentialAction":[{"@type":"SearchAction","target":{"@type":"EntryPoint","urlTemplate":"https:\/\/lab.univ-ghardaia.edu.dz\/?s={search_term_string}"},"query-input":{"@type":"PropertyValueSpecification","valueRequired":true,"valueName":"search_term_string"}}],"inLanguage":"fr-FR"}]}},"_links":{"self":[{"href":"https:\/\/lab.univ-ghardaia.edu.dz\/fr\/wp-json\/wp\/v2\/pages\/2","targetHints":{"allow":["GET"]}}],"collection":[{"href":"https:\/\/lab.univ-ghardaia.edu.dz\/fr\/wp-json\/wp\/v2\/pages"}],"about":[{"href":"https:\/\/lab.univ-ghardaia.edu.dz\/fr\/wp-json\/wp\/v2\/types\/page"}],"author":[{"embeddable":true,"href":"https:\/\/lab.univ-ghardaia.edu.dz\/fr\/wp-json\/wp\/v2\/users\/1"}],"replies":[{"embeddable":true,"href":"https:\/\/lab.univ-ghardaia.edu.dz\/fr\/wp-json\/wp\/v2\/comments?post=2"}],"version-history":[{"count":0,"href":"https:\/\/lab.univ-ghardaia.edu.dz\/fr\/wp-json\/wp\/v2\/pages\/2\/revisions"}],"wp:attachment":[{"href":"https:\/\/lab.univ-ghardaia.edu.dz\/fr\/wp-json\/wp\/v2\/media?parent=2"}],"curies":[{"name":"wp","href":"https:\/\/api.w.org\/{rel}","templated":true}]}}